{"id":261,"date":"2026-02-01T15:50:55","date_gmt":"2026-02-01T15:50:55","guid":{"rendered":"https:\/\/prieschl-iris.webserver.kslinz.at\/?page_id=261"},"modified":"2026-02-01T15:51:32","modified_gmt":"2026-02-01T15:51:32","slug":"impressum","status":"publish","type":"page","link":"https:\/\/prieschl-iris.webserver.kslinz.at\/index.php\/impressum\/","title":{"rendered":"Impressum"},"content":{"rendered":"\n<p class=\"has-secondary-second-color has-text-color has-link-color wp-elements-aa4cbc13b105f041a371d94e81ce2bb4\">Impressum<br>Informationen \u00fcber den Diensteanbieter.<\/p>\n\n\n\n<p class=\"has-secondary-second-color has-text-color has-link-color wp-elements-8a2e4818b86568bdb9a35fd576ec3040\">Anna Wagner<\/p>\n\n\n\n<p class=\"has-secondary-second-color has-text-color has-link-color wp-elements-16a7e21bed2a6f7b812e8fa365653fd9\">Stockhofstra\u00dfe10,<br>4020 Linz,<br>\u00d6sterreich<\/p>\n\n\n\n<p class=\"has-secondary-second-color has-text-color has-link-color wp-elements-7d62395b39eb83af5be7687bb0013789\">E-Mail: wagner.anna1@hlw.kslinz.at<\/p>\n\n\n\n<p class=\"has-secondary-second-color has-text-color has-link-color wp-elements-b80eb8300381db78636c2ac81e322ef5\">Bildernachweis<br>Die Bilder, Fotos und Grafiken auf dieser Webseite sind urheberrechtlich gesch\u00fctzt.<\/p>\n\n\n\n<p class=\"has-secondary-second-color has-text-color has-link-color wp-elements-467e63a180ab16d724cad3f3cf6b7546\">Die Bilderrechte liegen bei:<br>Anna Wagner<br>Iris Prieschl<\/p>\n\n\n\n<p class=\"has-secondary-second-color has-text-color has-link-color wp-elements-6271b410b8c52bea70f2dc49e15bfc1c\">Alle Texte sind urheberrechtlich gesch\u00fctzt.<\/p>\n\n\n\n<p class=\"has-secondary-second-color has-text-color has-link-color wp-elements-131e3bb0408f109e1fd21ac7abaf9c82\">Quelle: Erstellt mit dem Impressum Generator von AdSimple<br><\/p>\n","protected":false},"excerpt":{"rendered":"<p>ImpressumInformationen \u00fcber den Diensteanbieter. Anna Wagner Stockhofstra\u00dfe10,4020 Linz,\u00d6sterreich E-Mail: wagner.anna1@hlw.kslinz.at BildernachweisDie Bilder, Fotos und Grafiken auf dieser Webseite sind urheberrechtlich gesch\u00fctzt. Die Bilderrechte liegen bei:Anna WagnerIris Prieschl Alle Texte sind urheberrechtlich gesch\u00fctzt. Quelle: Erstellt mit dem Impressum Generator von AdSimple<\/p>\n","protected":false},"author":1,"featured_media":0,"parent":0,"menu_order":0,"comment_status":"closed","ping_status":"closed","template":"","meta":{"footnotes":""},"class_list":["post-261","page","type-page","status-publish","hentry"],"_links":{"self":[{"href":"https:\/\/prieschl-iris.webserver.kslinz.at\/index.php\/wp-json\/wp\/v2\/pages\/261","targetHints":{"allow":["GET"]}}],"collection":[{"href":"https:\/\/prieschl-iris.webserver.kslinz.at\/index.php\/wp-json\/wp\/v2\/pages"}],"about":[{"href":"https:\/\/prieschl-iris.webserver.kslinz.at\/index.php\/wp-json\/wp\/v2\/types\/page"}],"author":[{"embeddable":true,"href":"https:\/\/prieschl-iris.webserver.kslinz.at\/index.php\/wp-json\/wp\/v2\/users\/1"}],"replies":[{"embeddable":true,"href":"https:\/\/prieschl-iris.webserver.kslinz.at\/index.php\/wp-json\/wp\/v2\/comments?post=261"}],"version-history":[{"count":2,"href":"https:\/\/prieschl-iris.webserver.kslinz.at\/index.php\/wp-json\/wp\/v2\/pages\/261\/revisions"}],"predecessor-version":[{"id":263,"href":"https:\/\/prieschl-iris.webserver.kslinz.at\/index.php\/wp-json\/wp\/v2\/pages\/261\/revisions\/263"}],"wp:attachment":[{"href":"https:\/\/prieschl-iris.webserver.kslinz.at\/index.php\/wp-json\/wp\/v2\/media?parent=261"}],"curies":[{"name":"wp","href":"https:\/\/api.w.org\/{rel}","templated":true}]}}